{"id":1251,"date":"2025-01-24T21:30:55","date_gmt":"2025-01-24T20:30:55","guid":{"rendered":"https:\/\/testsub.nemis-ms.de\/?page_id=1251"},"modified":"2025-02-04T15:38:05","modified_gmt":"2025-02-04T14:38:05","slug":"weact-anlauf-und-beratungsstelle","status":"publish","type":"page","link":"https:\/\/nemis-ms.de\/index.php\/weact-anlauf-und-beratungsstelle\/","title":{"rendered":"weact: Anlauf- und Beratungsstelle"},"content":{"rendered":"<style>.kb-row-layout-id1251_382345-4b > .kt-row-column-wrap{align-content:start;}:where(.kb-row-layout-id1251_382345-4b > .kt-row-column-wrap) > .wp-block-kadence-column{justify-content:start;}.kb-row-layout-id1251_382345-4b > .kt-row-column-wrap{column-gap:var(--global-kb-gap-md, 2rem);row-gap:var(--global-kb-gap-md, 2rem);max-width:900px;margin-left:auto;margin-right:auto;padding-top:100px;padding-right:20px;padding-bottom:100px;padding-left:20px;grid-template-columns:minmax(0, 1fr);}.kb-row-layout-id1251_382345-4b{background-image:url('https:\/\/nemis-ms.de\/wp-content\/uploads\/2025\/01\/ki_image_01.webp');background-size:cover;background-position:38% 53%;background-attachment:scroll;background-repeat:no-repeat;}.kb-row-layout-id1251_382345-4b > .kt-row-layout-overlay{opacity:0.30;}@media all and (max-width: 1024px){.kb-row-layout-id1251_382345-4b > .kt-row-column-wrap{padding-top:60px;padding-right:30px;padding-bottom:60px;padding-left:30px;grid-template-columns:minmax(0, 1fr);}}@media all and (max-width: 767px){.kb-row-layout-id1251_382345-4b > .kt-row-column-wrap{padding-top:40px;padding-right:20px;padding-bottom:40px;padding-left:20px;grid-template-columns:minmax(0, 1fr);}}<\/style><div class=\"kb-row-layout-wrap kb-row-layout-id1251_382345-4b alignnone kt-row-has-bg wp-block-kadence-rowlayout\"><div class=\"kt-row-column-wrap kt-has-1-columns kt-row-layout-equal kt-tab-layout-inherit kt-mobile-layout-row kt-row-valign-top\">\n<style>.kadence-column1251_19e20d-5c > .kt-inside-inner-col,.kadence-column1251_19e20d-5c > .kt-inside-inner-col:before{border-top-left-radius:0px;border-top-right-radius:0px;border-bottom-right-radius:0px;border-bottom-left-radius:0px;}.kadence-column1251_19e20d-5c > .kt-inside-inner-col{column-gap:var(--global-kb-gap-sm, 1rem);}.kadence-column1251_19e20d-5c > .kt-inside-inner-col{flex-direction:column;}.kadence-column1251_19e20d-5c > .kt-inside-inner-col > .aligncenter{width:100%;}.kadence-column1251_19e20d-5c > .kt-inside-inner-col:before{opacity:0.3;}.kadence-column1251_19e20d-5c{position:relative;}@media all and (max-width: 1024px){.kadence-column1251_19e20d-5c > .kt-inside-inner-col{flex-direction:column;justify-content:center;}}@media all and (max-width: 767px){.kadence-column1251_19e20d-5c > .kt-inside-inner-col{flex-direction:column;justify-content:center;}}<\/style>\n<div class=\"wp-block-kadence-column kadence-column1251_19e20d-5c inner-column-1\"><div class=\"kt-inside-inner-col\"><\/div><\/div>\n\n<\/div><\/div>\n\n\n<h2 class=\"wp-block-heading\"><strong>weact: Anlauf- und Beratungsstelle<\/strong><\/h2>\n\n\n\n<p>In 2023 wurde eine neue Community-basierte Beratung f\u00fcr Getroffene von Rassismus in M\u00fcnster etabliert. Im Rahmen des Bundesprojekts \u201eweact: Rassismus entgegentreten und diskriminierungsfreie Gesellschaft mitgestalten\u201c des Bundesverbandes Netzwerke von Migranten*innenorganisationen e. V. (NeMO) er\u00f6ffnen <strong>NeMIS e. V. eine Anlaufs- und Beratungsstelle.<\/strong><\/p>\n\n\n\n<p>Zielstellung: <strong>Von Mehrfachdiskiminierung Getroffene werden mit Hilfe von Beratungsangeboten und systemischer Begleitung im Umgang mit Rassismus gest\u00e4rkt. Weiterhin sind Migrant*innenorganisationen empowert, lokale Strukturen rassismus- und diskriminierungsfrei vor Ort mitzugestalten.<\/strong><\/p>\n\n\n\n<p>NeMIS e.V. in M\u00fcnster wird daf\u00fcr relevante Strukturen in der Stadtgesellschaft und in M\u00fcnsterland identifizieren und gemeinsam mit ihnen nachhaltige Strategien gegen Diskriminierung und Ausgrenzung erarbeiten. <\/p>\n\n\n\n<p>weact: ist ein Projekt von BV NeMO e.V. und wird durch die Beauftragte der Bundesregierung f\u00fcr Antirassismus vom 01.01.2023 bis 31.12.2025 gef\u00f6rdert.<\/p>\n\n\n<style>.kb-row-layout-id1251_5f1a94-fa > .kt-row-column-wrap{align-content:start;}:where(.kb-row-layout-id1251_5f1a94-fa > .kt-row-column-wrap) > .wp-block-kadence-column{justify-content:start;}.kb-row-layout-id1251_5f1a94-fa > .kt-row-column-wrap{column-gap:var(--global-kb-gap-md, 2rem);row-gap:var(--global-kb-gap-md, 2rem);padding-top:var(--global-kb-spacing-sm, 1.5rem);padding-bottom:var(--global-kb-spacing-sm, 1.5rem);}.kb-row-layout-id1251_5f1a94-fa > .kt-row-column-wrap > div:not(.added-for-specificity){grid-column:initial;}.kb-row-layout-id1251_5f1a94-fa > .kt-row-column-wrap{grid-template-columns:repeat(3, minmax(0, 1fr));}.kb-row-layout-id1251_5f1a94-fa > .kt-row-layout-overlay{opacity:0.30;}@media all and (max-width: 1024px){.kb-row-layout-id1251_5f1a94-fa > .kt-row-column-wrap > div:not(.added-for-specificity){grid-column:initial;}}@media all and (max-width: 1024px){.kb-row-layout-id1251_5f1a94-fa > .kt-row-column-wrap{grid-template-columns:repeat(3, minmax(0, 1fr));}}@media all and (max-width: 767px){.kb-row-layout-id1251_5f1a94-fa > .kt-row-column-wrap > div:not(.added-for-specificity){grid-column:initial;}.kb-row-layout-id1251_5f1a94-fa > .kt-row-column-wrap{grid-template-columns:minmax(0, 1fr);}}<\/style><div class=\"kb-row-layout-wrap kb-row-layout-id1251_5f1a94-fa alignnone wp-block-kadence-rowlayout\"><div class=\"kt-row-column-wrap kt-has-3-columns kt-row-layout-equal kt-tab-layout-inherit kt-mobile-layout-row kt-row-valign-top\">\n<style>.kadence-column1251_b64c0c-15 > .kt-inside-inner-col,.kadence-column1251_b64c0c-15 > .kt-inside-inner-col:before{border-top-left-radius:0px;border-top-right-radius:0px;border-bottom-right-radius:0px;border-bottom-left-radius:0px;}.kadence-column1251_b64c0c-15 > .kt-inside-inner-col{column-gap:var(--global-kb-gap-sm, 1rem);}.kadence-column1251_b64c0c-15 > .kt-inside-inner-col{flex-direction:column;}.kadence-column1251_b64c0c-15 > .kt-inside-inner-col > .aligncenter{width:100%;}.kadence-column1251_b64c0c-15 > .kt-inside-inner-col:before{opacity:0.3;}.kadence-column1251_b64c0c-15{position:relative;}@media all and (max-width: 1024px){.kadence-column1251_b64c0c-15 > .kt-inside-inner-col{flex-direction:column;justify-content:center;}}@media all and (max-width: 767px){.kadence-column1251_b64c0c-15 > .kt-inside-inner-col{flex-direction:column;justify-content:center;}}<\/style>\n<div class=\"wp-block-kadence-column kadence-column1251_b64c0c-15\"><div class=\"kt-inside-inner-col\"><style>.kb-image1251_4fbacc-83 .kb-image-has-overlay:after{opacity:0.3;}<\/style>\n<figure class=\"wp-block-kadence-image kb-image1251_4fbacc-83\"><a href=\"https:\/\/weact-gegenrassismus.de\/de\/beratungsstellen\/Nemis_2\/\" class=\"kb-advanced-image-link\"><img loading=\"lazy\" decoding=\"async\" width=\"1200\" height=\"1200\" src=\"https:\/\/nemis-ms.de\/wp-content\/uploads\/2025\/01\/ki_image_04.webp\" class=\"kb-img wp-image-1294\" srcset=\"https:\/\/nemis-ms.de\/wp-content\/uploads\/2025\/01\/ki_image_04.webp 1200w, https:\/\/nemis-ms.de\/wp-content\/uploads\/2025\/01\/ki_image_04-300x300.webp 300w, https:\/\/nemis-ms.de\/wp-content\/uploads\/2025\/01\/ki_image_04-1024x1024.webp 1024w, https:\/\/nemis-ms.de\/wp-content\/uploads\/2025\/01\/ki_image_04-150x150.webp 150w, https:\/\/nemis-ms.de\/wp-content\/uploads\/2025\/01\/ki_image_04-768x768.webp 768w\" sizes=\"auto, (max-width: 1200px) 100vw, 1200px\" \/><\/a><\/figure>\n<\/div><\/div>\n\n\n<style>.kadence-column1251_1fc27b-1c > .kt-inside-inner-col,.kadence-column1251_1fc27b-1c > .kt-inside-inner-col:before{border-top-left-radius:0px;border-top-right-radius:0px;border-bottom-right-radius:0px;border-bottom-left-radius:0px;}.kadence-column1251_1fc27b-1c > .kt-inside-inner-col{column-gap:var(--global-kb-gap-sm, 1rem);}.kadence-column1251_1fc27b-1c > .kt-inside-inner-col{flex-direction:column;}.kadence-column1251_1fc27b-1c > .kt-inside-inner-col > .aligncenter{width:100%;}.kadence-column1251_1fc27b-1c > .kt-inside-inner-col:before{opacity:0.3;}.kadence-column1251_1fc27b-1c{position:relative;}@media all and (max-width: 1024px){.kadence-column1251_1fc27b-1c > .kt-inside-inner-col{flex-direction:column;justify-content:center;}}@media all and (max-width: 767px){.kadence-column1251_1fc27b-1c > .kt-inside-inner-col{flex-direction:column;justify-content:center;}}<\/style>\n<div class=\"wp-block-kadence-column kadence-column1251_1fc27b-1c\"><div class=\"kt-inside-inner-col\"><style>.kb-image1251_1758b7-00 .kb-image-has-overlay:after{opacity:0.3;}<\/style>\n<figure class=\"wp-block-kadence-image kb-image1251_1758b7-00\"><a href=\"https:\/\/weact-gegenrassismus.de\/\" class=\"kb-advanced-image-link\"><img loading=\"lazy\" decoding=\"async\" width=\"440\" height=\"330\" src=\"https:\/\/nemis-ms.de\/wp-content\/uploads\/2025\/01\/Bildschirm\u00adfoto-2025-01-20-um-16.51.04-edited.png\" class=\"kb-img wp-image-1292\" srcset=\"https:\/\/nemis-ms.de\/wp-content\/uploads\/2025\/01\/Bildschirm\u00adfoto-2025-01-20-um-16.51.04-edited.png 440w, https:\/\/nemis-ms.de\/wp-content\/uploads\/2025\/01\/Bildschirm\u00adfoto-2025-01-20-um-16.51.04-edited-300x225.png 300w\" sizes=\"auto, (max-width: 440px) 100vw, 440px\" \/><\/a><\/figure>\n<\/div><\/div>\n\n\n<style>.kadence-column1251_39f02d-fd > .kt-inside-inner-col,.kadence-column1251_39f02d-fd > .kt-inside-inner-col:before{border-top-left-radius:0px;border-top-right-radius:0px;border-bottom-right-radius:0px;border-bottom-left-radius:0px;}.kadence-column1251_39f02d-fd > .kt-inside-inner-col{column-gap:var(--global-kb-gap-sm, 1rem);}.kadence-column1251_39f02d-fd > .kt-inside-inner-col{flex-direction:column;}.kadence-column1251_39f02d-fd > .kt-inside-inner-col > .aligncenter{width:100%;}.kadence-column1251_39f02d-fd > .kt-inside-inner-col:before{opacity:0.3;}.kadence-column1251_39f02d-fd{position:relative;}@media all and (max-width: 1024px){.kadence-column1251_39f02d-fd > .kt-inside-inner-col{flex-direction:column;justify-content:center;}}@media all and (max-width: 767px){.kadence-column1251_39f02d-fd > .kt-inside-inner-col{flex-direction:column;justify-content:center;}}<\/style>\n<div class=\"wp-block-kadence-column kadence-column1251_39f02d-fd\"><div class=\"kt-inside-inner-col\"><style>.kb-image1251_471ec0-08 .kb-image-has-overlay:after{opacity:0.3;}<\/style>\n<figure class=\"wp-block-kadence-image kb-image1251_471ec0-08\"><a href=\"https:\/\/weact-gegenrassismus.de\/de\/beratungsstellen\/Nemis_2\/\" class=\"kb-advanced-image-link\"><img loading=\"lazy\" decoding=\"async\" width=\"1000\" height=\"1000\" src=\"https:\/\/nemis-ms.de\/wp-content\/uploads\/2025\/01\/fe8024e000caab007ce8bb641099d2dd_db98bbd1e8.webp\" class=\"kb-img wp-image-1304\" srcset=\"https:\/\/nemis-ms.de\/wp-content\/uploads\/2025\/01\/fe8024e000caab007ce8bb641099d2dd_db98bbd1e8.webp 1000w, https:\/\/nemis-ms.de\/wp-content\/uploads\/2025\/01\/fe8024e000caab007ce8bb641099d2dd_db98bbd1e8-300x300.webp 300w, https:\/\/nemis-ms.de\/wp-content\/uploads\/2025\/01\/fe8024e000caab007ce8bb641099d2dd_db98bbd1e8-150x150.webp 150w, https:\/\/nemis-ms.de\/wp-content\/uploads\/2025\/01\/fe8024e000caab007ce8bb641099d2dd_db98bbd1e8-768x768.webp 768w\" sizes=\"auto, (max-width: 1000px) 100vw, 1000px\" \/><\/a><\/figure>\n<\/div><\/div>\n\n<\/div><\/div>\n\n<style>.kb-row-layout-id1251_2199a1-4f > .kt-row-column-wrap{align-content:start;}:where(.kb-row-layout-id1251_2199a1-4f > .kt-row-column-wrap) > .wp-block-kadence-column{justify-content:start;}.kb-row-layout-id1251_2199a1-4f > .kt-row-column-wrap{column-gap:var(--global-kb-gap-md, 2rem);row-gap:var(--global-kb-gap-md, 2rem);padding-top:var(--global-kb-spacing-sm, 1.5rem);padding-bottom:var(--global-kb-spacing-sm, 1.5rem);grid-template-columns:repeat(2, minmax(0, 1fr));}.kb-row-layout-id1251_2199a1-4f > .kt-row-layout-overlay{opacity:0.30;}@media all and (max-width: 1024px){.kb-row-layout-id1251_2199a1-4f > .kt-row-column-wrap{grid-template-columns:repeat(2, minmax(0, 1fr));}}@media all and (max-width: 767px){.kb-row-layout-id1251_2199a1-4f > .kt-row-column-wrap{grid-template-columns:minmax(0, 1fr);}}<\/style><div class=\"kb-row-layout-wrap kb-row-layout-id1251_2199a1-4f alignnone wp-block-kadence-rowlayout\"><div class=\"kt-row-column-wrap kt-has-2-columns kt-row-layout-equal kt-tab-layout-inherit kt-mobile-layout-row kt-row-valign-top\">\n<style>.kadence-column1251_5befd7-97 > .kt-inside-inner-col,.kadence-column1251_5befd7-97 > .kt-inside-inner-col:before{border-top-left-radius:0px;border-top-right-radius:0px;border-bottom-right-radius:0px;border-bottom-left-radius:0px;}.kadence-column1251_5befd7-97 > .kt-inside-inner-col{column-gap:var(--global-kb-gap-sm, 1rem);}.kadence-column1251_5befd7-97 > .kt-inside-inner-col{flex-direction:column;}.kadence-column1251_5befd7-97 > .kt-inside-inner-col > .aligncenter{width:100%;}.kadence-column1251_5befd7-97 > .kt-inside-inner-col:before{opacity:0.3;}.kadence-column1251_5befd7-97{position:relative;}@media all and (max-width: 1024px){.kadence-column1251_5befd7-97 > .kt-inside-inner-col{flex-direction:column;justify-content:center;}}@media all and (max-width: 767px){.kadence-column1251_5befd7-97 > .kt-inside-inner-col{flex-direction:column;justify-content:center;}}<\/style>\n<div class=\"wp-block-kadence-column kadence-column1251_5befd7-97\"><div class=\"kt-inside-inner-col\">\n<p><em><strong>weact<\/strong><\/em>&nbsp;<strong>Anlauf- und Beratungsstelle<\/strong><\/p>\n\n\n\n<p>Als Teil von&nbsp;<em>weact<\/em>&nbsp;unterst\u00fctzen wir Personen, die von Rassismus und Mehrfach-Diskriminierung getroffen sind und leisten so einen Beitrag zur Mitgestaltung der diskriminierungsfreien Gesellschaft.<\/p>\n\n\n\n<p><strong>Community-basierte Beratung<\/strong><\/p>\n\n\n\n<p>Die community-basierte Beratung gibt Getroffene neue Orientierungshorizonte, die ihnen helfen, sich verstanden und gest\u00e4rkt zu f\u00fchlen. Beratende und Getroffene schlie\u00dfen sich zusammen.<\/p>\n\n\n\n<p><strong>Die Bedeutung von Migranten*innenorganisationen in der Antidiskriminierungsarbeit<\/strong><\/p>\n\n\n\n<p>Migrant*innenorganisationen haben einen besonders guten Zugang zu den Einwander*innen, bringen eine besondere Expertise mit, genie\u00dfen Vertrauen und schaffen Raum f\u00fcr sich verbessernde interkulturelle Arbeit.<\/p>\n<\/div><\/div>\n\n\n<style>.kadence-column1251_72a069-47 > .kt-inside-inner-col,.kadence-column1251_72a069-47 > .kt-inside-inner-col:before{border-top-left-radius:0px;border-top-right-radius:0px;border-bottom-right-radius:0px;border-bottom-left-radius:0px;}.kadence-column1251_72a069-47 > .kt-inside-inner-col{column-gap:var(--global-kb-gap-sm, 1rem);}.kadence-column1251_72a069-47 > .kt-inside-inner-col{flex-direction:column;}.kadence-column1251_72a069-47 > .kt-inside-inner-col > .aligncenter{width:100%;}.kadence-column1251_72a069-47 > .kt-inside-inner-col:before{opacity:0.3;}.kadence-column1251_72a069-47{position:relative;}@media all and (max-width: 1024px){.kadence-column1251_72a069-47 > .kt-inside-inner-col{flex-direction:column;justify-content:center;}}@media all and (max-width: 767px){.kadence-column1251_72a069-47 > .kt-inside-inner-col{flex-direction:column;justify-content:center;}}<\/style>\n<div class=\"wp-block-kadence-column kadence-column1251_72a069-47\"><div class=\"kt-inside-inner-col\">\n<p><strong>Unser Angebot<\/strong><\/p>\n\n\n\n<p>Im Zentrum der community-basierten Beratung stehen Unterst\u00fctzung und systematische Begleitung, um Getroffene im Umgang mit Rassismus zu st\u00e4rken<strong>.&nbsp;<\/strong>In konkreten F\u00e4llen bieten wir Einzelfallberatung. Zu unseren Aufgaben geh\u00f6ren auch die fall\u00fcbergreifende Arbeit, Vernetzung und Sensibilisierung der \u00d6ffentlichkeit. Die Kooperation mit lokalen Akteur*innen zu f\u00f6rdern ist dabei f\u00fcr uns zentral. Bei der community-basierten rassismuskritischen Beratung wird auf&nbsp;unterschiedlichen Formen der Diskriminierung geachtet. Denn neben direkter Diskriminierung, die von den Getroffenen meist klar als solche wahrgenommen wird, gibt es weitere Formen \u2013 die indirekte, strukturelle, institutionelle und intersektionelle Diskriminierung, antischwarzen sowie antiasiatischen Rassismus. Diese sind teils schwieriger zu erkennen und zu bek\u00e4mpfen.<\/p>\n\n\n\n<p><strong><a href=\"https:\/\/testsub.nemis-ms.de\/index.php\/kontakt\/\" data-type=\"page\" data-id=\"290\">Nimm Kontakt zu uns auf!<\/a><\/strong><\/p>\n\n\n\n<p>F\u00fcr alle Beratungssuchende bieten wir kostenfreie Erst- und Verweisberatungen \u2013 die niedrigschwellige Einstiegsunterst\u00fctzung \u2013 telefonisch, pers\u00f6nlich, anonym, per Videocall oder per E-Mail an. <\/p>\n<\/div><\/div>\n\n<\/div><\/div>\n\n\n<div data-wp-interactive=\"core\/file\" class=\"wp-block-file\"><object data-wp-bind--hidden=\"!state.hasPdfPreview\" hidden class=\"wp-block-file__embed\" data=\"https:\/\/nemis-ms.de\/wp-content\/uploads\/2025\/01\/11_23_10_03-weact-Standortflyer-Muenster-1-1-1.pdf\" type=\"application\/pdf\" style=\"width:100%;height:600px\" aria-label=\"Embed of 11_23_10_03-weact-Standortflyer-Muenster-1-1.\"><\/object><a id=\"wp-block-file--media-0606ff9e-6236-4aac-86ba-e62044ce676a\" href=\"https:\/\/nemis-ms.de\/wp-content\/uploads\/2025\/01\/11_23_10_03-weact-Standortflyer-Muenster-1-1-1.pdf\">11_23_10_03-weact-Standortflyer-Muenster-1-1<\/a><a href=\"https:\/\/nemis-ms.de\/wp-content\/uploads\/2025\/01\/11_23_10_03-weact-Standortflyer-Muenster-1-1-1.pdf\" class=\"wp-block-file__button wp-element-button\" download aria-describedby=\"wp-block-file--media-0606ff9e-6236-4aac-86ba-e62044ce676a\">Herunterladen<\/a><\/div>\n","protected":false},"excerpt":{"rendered":"<p>weact: Anlauf- und Beratungsstelle In 2023 wurde eine neue Community-basierte Beratung f\u00fcr Getroffene von Rassismus in M\u00fcnster etabliert. Im Rahmen des Bundesprojekts \u201eweact: Rassismus entgegentreten und diskriminierungsfreie Gesellschaft mitgestalten\u201c des Bundesverbandes Netzwerke von Migranten*innenorganisationen e. V. (NeMO) er\u00f6ffnen NeMIS e. V. eine Anlaufs- und Beratungsstelle. Zielstellung: Von Mehrfachdiskiminierung Getroffene werden mit Hilfe von Beratungsangeboten und&#8230;<\/p>\n","protected":false},"author":1,"featured_media":0,"parent":0,"menu_order":0,"comment_status":"closed","ping_status":"closed","template":"","meta":{"_kadence_starter_templates_imported_post":false,"_kad_post_transparent":"default","_kad_post_title":"","_kad_post_layout":"","_kad_post_sidebar_id":"","_kad_post_content_style":"","_kad_post_vertical_padding":"","_kad_post_feature":"","_kad_post_feature_position":"","_kad_post_header":false,"_kad_post_footer":false,"footnotes":""},"class_list":["post-1251","page","type-page","status-publish","hentry"],"_links":{"self":[{"href":"https:\/\/nemis-ms.de\/index.php\/wp-json\/wp\/v2\/pages\/1251","targetHints":{"allow":["GET"]}}],"collection":[{"href":"https:\/\/nemis-ms.de\/index.php\/wp-json\/wp\/v2\/pages"}],"about":[{"href":"https:\/\/nemis-ms.de\/index.php\/wp-json\/wp\/v2\/types\/page"}],"author":[{"embeddable":true,"href":"https:\/\/nemis-ms.de\/index.php\/wp-json\/wp\/v2\/users\/1"}],"replies":[{"embeddable":true,"href":"https:\/\/nemis-ms.de\/index.php\/wp-json\/wp\/v2\/comments?post=1251"}],"version-history":[{"count":33,"href":"https:\/\/nemis-ms.de\/index.php\/wp-json\/wp\/v2\/pages\/1251\/revisions"}],"predecessor-version":[{"id":1491,"href":"https:\/\/nemis-ms.de\/index.php\/wp-json\/wp\/v2\/pages\/1251\/revisions\/1491"}],"wp:attachment":[{"href":"https:\/\/nemis-ms.de\/index.php\/wp-json\/wp\/v2\/media?parent=1251"}],"curies":[{"name":"wp","href":"https:\/\/api.w.org\/{rel}","templated":true}]}}