{"id":1432,"date":"2025-01-28T19:53:21","date_gmt":"2025-01-28T18:53:21","guid":{"rendered":"https:\/\/testsub.nemis-ms.de\/?page_id=1432"},"modified":"2025-02-04T15:35:51","modified_gmt":"2025-02-04T14:35:51","slug":"unser-angebot","status":"publish","type":"page","link":"https:\/\/nemis-ms.de\/index.php\/unser-angebot\/","title":{"rendered":"Unser Angebot"},"content":{"rendered":"<style>.kb-row-layout-wrap.wp-block-kadence-rowlayout.kb-row-layout-id1432_db42f7-7e{margin-top:0px;margin-bottom:0px;}.kb-row-layout-id1432_db42f7-7e > .kt-row-column-wrap{align-content:start;}:where(.kb-row-layout-id1432_db42f7-7e > .kt-row-column-wrap) > .wp-block-kadence-column{justify-content:start;}.kb-row-layout-id1432_db42f7-7e > .kt-row-column-wrap{column-gap:var(--global-kb-gap-none, 0rem );row-gap:var(--global-kb-gap-none, 0rem );max-width:1140px;margin-left:auto;margin-right:auto;padding-top:100px;padding-right:0px;padding-bottom:100px;padding-left:0px;grid-template-columns:minmax(0, 1fr);}.kb-row-layout-id1432_db42f7-7e{background-image:url('https:\/\/nemis-ms.de\/wp-content\/uploads\/2025\/01\/Bildschirm\u00adfoto-2025-01-20-um-16.46.28.png');background-size:cover;background-position:57.99999999999999% 17%;background-attachment:scroll;background-repeat:no-repeat;}.kb-row-layout-id1432_db42f7-7e > .kt-row-layout-overlay{opacity:0.97;background:linear-gradient(210deg, rgba(255, 255, 255, 0.36) 0%, var(--global-palette9) 60%);}@media all and (max-width: 1024px){.kb-row-layout-id1432_db42f7-7e > .kt-row-column-wrap{padding-top:80px;padding-right:30px;padding-bottom:80px;padding-left:30px;grid-template-columns:minmax(0, 1fr);}}@media all and (max-width: 767px){.kb-row-layout-id1432_db42f7-7e > .kt-row-column-wrap{padding-top:60px;padding-right:15px;padding-bottom:60px;padding-left:15px;grid-template-columns:minmax(0, 1fr);}}<\/style><div class=\"kb-row-layout-wrap kb-row-layout-id1432_db42f7-7e alignnone kt-row-has-bg wp-block-kadence-rowlayout\"><div class=\"kt-row-layout-overlay kt-row-overlay-gradient\"><\/div><div class=\"kt-row-column-wrap kt-has-1-columns kt-row-layout-equal kt-tab-layout-inherit kt-mobile-layout-row kt-row-valign-top\">\n<style>.kadence-column1432_326f16-b8 > .kt-inside-inner-col{padding-top:0px;padding-right:0px;padding-bottom:0px;padding-left:0px;}.kadence-column1432_326f16-b8 > .kt-inside-inner-col,.kadence-column1432_326f16-b8 > .kt-inside-inner-col:before{border-top-left-radius:0px;border-top-right-radius:0px;border-bottom-right-radius:0px;border-bottom-left-radius:0px;}.kadence-column1432_326f16-b8 > .kt-inside-inner-col{column-gap:var(--global-kb-gap-sm, 1rem);}.kadence-column1432_326f16-b8 > .kt-inside-inner-col{flex-direction:column;}.kadence-column1432_326f16-b8 > .kt-inside-inner-col > .aligncenter{width:100%;}.kadence-column1432_326f16-b8 > .kt-inside-inner-col:before{opacity:0.3;}.kadence-column1432_326f16-b8{position:relative;}.kadence-column1432_326f16-b8, .kt-inside-inner-col > .kadence-column1432_326f16-b8:not(.specificity){margin-top:0px;margin-right:0px;margin-bottom:0px;margin-left:0px;}@media all and (max-width: 1024px){.kadence-column1432_326f16-b8 > .kt-inside-inner-col{flex-direction:column;justify-content:center;}}@media all and (max-width: 767px){.kadence-column1432_326f16-b8 > .kt-inside-inner-col{flex-direction:column;justify-content:center;}}<\/style>\n<div class=\"wp-block-kadence-column kadence-column1432_326f16-b8 inner-column-1\"><div class=\"kt-inside-inner-col\"><style>.kb-row-layout-wrap.wp-block-kadence-rowlayout.kb-row-layout-id1432_472b65-db{margin-top:0px;margin-bottom:0px;}.kb-row-layout-id1432_472b65-db > .kt-row-column-wrap{align-content:start;}:where(.kb-row-layout-id1432_472b65-db > .kt-row-column-wrap) > .wp-block-kadence-column{justify-content:start;}.kb-row-layout-id1432_472b65-db > .kt-row-column-wrap{column-gap:var(--global-kb-gap-none, 0rem );row-gap:var(--global-kb-gap-none, 0rem );max-width:600px;margin-left:auto;margin-right:auto;padding-top:0px;padding-right:0px;padding-bottom:0px;padding-left:0px;grid-template-columns:minmax(0, 1fr);}.kb-row-layout-id1432_472b65-db > .kt-row-layout-overlay{opacity:0.30;}@media all and (max-width: 1024px){.kb-row-layout-id1432_472b65-db > .kt-row-column-wrap{grid-template-columns:minmax(0, 1fr);}}@media all and (max-width: 767px){.kb-row-layout-id1432_472b65-db > .kt-row-column-wrap{grid-template-columns:minmax(0, 1fr);}}<\/style><div class=\"kb-row-layout-wrap kb-row-layout-id1432_472b65-db alignnone wp-block-kadence-rowlayout\"><div class=\"kt-row-column-wrap kt-has-1-columns kt-row-layout-equal kt-tab-layout-inherit kt-mobile-layout-row kt-row-valign-top\">\n<style>.kadence-column1432_be8b58-37 > .kt-inside-inner-col{padding-top:10px;padding-right:10px;padding-bottom:10px;padding-left:10px;}.kadence-column1432_be8b58-37 > .kt-inside-inner-col,.kadence-column1432_be8b58-37 > .kt-inside-inner-col:before{border-top-left-radius:0px;border-top-right-radius:0px;border-bottom-right-radius:0px;border-bottom-left-radius:0px;}.kadence-column1432_be8b58-37 > .kt-inside-inner-col{column-gap:var(--global-kb-gap-sm, 1rem);}.kadence-column1432_be8b58-37 > .kt-inside-inner-col{flex-direction:column;}.kadence-column1432_be8b58-37 > .kt-inside-inner-col > .aligncenter{width:100%;}.kadence-column1432_be8b58-37 > .kt-inside-inner-col:before{opacity:0.3;}.kadence-column1432_be8b58-37{position:relative;}.kadence-column1432_be8b58-37, .kt-inside-inner-col > .kadence-column1432_be8b58-37:not(.specificity){margin-top:0px;margin-right:0px;margin-bottom:0px;margin-left:0px;}@media all and (max-width: 1024px){.kadence-column1432_be8b58-37 > .kt-inside-inner-col{flex-direction:column;justify-content:center;}}@media all and (max-width: 767px){.kadence-column1432_be8b58-37 > .kt-inside-inner-col{flex-direction:column;justify-content:center;}}<\/style>\n<div class=\"wp-block-kadence-column kadence-column1432_be8b58-37 inner-column-1\"><div class=\"kt-inside-inner-col\"><style>.wp-block-kadence-advancedheading.kt-adv-heading1432_33fd3e-39, .wp-block-kadence-advancedheading.kt-adv-heading1432_33fd3e-39[data-kb-block=\"kb-adv-heading1432_33fd3e-39\"]{margin-top:0px;margin-right:0px;margin-bottom:28.5px;margin-left:0px;text-align:center;line-height:1em;font-style:normal;}.wp-block-kadence-advancedheading.kt-adv-heading1432_33fd3e-39 mark.kt-highlight, .wp-block-kadence-advancedheading.kt-adv-heading1432_33fd3e-39[data-kb-block=\"kb-adv-heading1432_33fd3e-39\"] mark.kt-highlight{font-style:normal;color:#f76a0c;-webkit-box-decoration-break:clone;box-decoration-break:clone;padding-top:0px;padding-right:0px;padding-bottom:0px;padding-left:0px;}.wp-block-kadence-advancedheading.kt-adv-heading1432_33fd3e-39 img.kb-inline-image, .wp-block-kadence-advancedheading.kt-adv-heading1432_33fd3e-39[data-kb-block=\"kb-adv-heading1432_33fd3e-39\"] img.kb-inline-image{width:150px;vertical-align:baseline;}<\/style>\n<h6 class=\"kt-adv-heading1432_33fd3e-39 wp-block-kadence-advancedheading has-theme-palette-1-color has-text-color\" data-kb-block=\"kb-adv-heading1432_33fd3e-39\"><strong>UN<\/strong>SER ANGEBOT<\/h6>\n\n\n<style>.wp-block-kadence-advancedheading.kt-adv-heading1432_45c0b0-ec, .wp-block-kadence-advancedheading.kt-adv-heading1432_45c0b0-ec[data-kb-block=\"kb-adv-heading1432_45c0b0-ec\"]{margin-top:0px;margin-right:0px;margin-bottom:40px;margin-left:0px;text-align:center;line-height:1em;font-style:normal;}.wp-block-kadence-advancedheading.kt-adv-heading1432_45c0b0-ec mark.kt-highlight, .wp-block-kadence-advancedheading.kt-adv-heading1432_45c0b0-ec[data-kb-block=\"kb-adv-heading1432_45c0b0-ec\"] mark.kt-highlight{font-style:normal;color:#f76a0c;-webkit-box-decoration-break:clone;box-decoration-break:clone;padding-top:0px;padding-right:0px;padding-bottom:0px;padding-left:0px;}.wp-block-kadence-advancedheading.kt-adv-heading1432_45c0b0-ec img.kb-inline-image, .wp-block-kadence-advancedheading.kt-adv-heading1432_45c0b0-ec[data-kb-block=\"kb-adv-heading1432_45c0b0-ec\"] img.kb-inline-image{width:150px;vertical-align:baseline;}<\/style>\n<h2 class=\"kt-adv-heading1432_45c0b0-ec wp-block-kadence-advancedheading\" data-kb-block=\"kb-adv-heading1432_45c0b0-ec\">Beratung, Empowerment, Rassismuskritik und vieles mehr&#8230;<\/h2>\n\n\n<style>.wp-block-kadence-advancedheading.kt-adv-heading1432_7ed878-cc, .wp-block-kadence-advancedheading.kt-adv-heading1432_7ed878-cc[data-kb-block=\"kb-adv-heading1432_7ed878-cc\"]{text-align:center;font-style:normal;}.wp-block-kadence-advancedheading.kt-adv-heading1432_7ed878-cc mark.kt-highlight, .wp-block-kadence-advancedheading.kt-adv-heading1432_7ed878-cc[data-kb-block=\"kb-adv-heading1432_7ed878-cc\"] mark.kt-highlight{font-style:normal;color:#f76a0c;-webkit-box-decoration-break:clone;box-decoration-break:clone;padding-top:0px;padding-right:0px;padding-bottom:0px;padding-left:0px;}.wp-block-kadence-advancedheading.kt-adv-heading1432_7ed878-cc img.kb-inline-image, .wp-block-kadence-advancedheading.kt-adv-heading1432_7ed878-cc[data-kb-block=\"kb-adv-heading1432_7ed878-cc\"] img.kb-inline-image{width:150px;vertical-align:baseline;}<\/style>\n<p class=\"kt-adv-heading1432_7ed878-cc wp-block-kadence-advancedheading\" data-kb-block=\"kb-adv-heading1432_7ed878-cc\"><\/p>\n<\/div><\/div>\n\n<\/div><\/div><\/div><\/div>\n\n<\/div><\/div>\n\n\n<div class=\"wp-block-columns is-layout-flex wp-container-core-columns-is-layout-9d6595d7 wp-block-columns-is-layout-flex\">\n<div class=\"wp-block-column is-layout-flow wp-block-column-is-layout-flow\">\n<p><\/p>\n\n\n\n<ul class=\"wp-block-list\">\n<li>Durchf\u00fchrung von Fachtagungen, Beratungs- und Informationsangeboten und&nbsp; Bereitstellung von Austauschforen zur interkulturellen \u00d6ffnung und Zusammenhalt der Gesellschaft.<\/li>\n\n\n\n<li>Teilnahme an und die Durchf\u00fchrung von nationalen und internationalen Modellprojekten, die zur Verbesserung der Teilhabe aller Menschen dienen.<\/li>\n\n\n\n<li>Realisierung von regelm\u00e4\u00dfiger au\u00dferschulischer Bildung und eigenes Empowerment Seminaren von Kindern, Jugendlichen und Erwachsenenbildung.<\/li>\n\n\n\n<li>F\u00f6rderung der Hilfe f\u00fcr gefl\u00fcchtete Menschen sich selbst in ehrenamtliche&nbsp;und Vereinsarbeit zu engagieren.<\/li>\n<\/ul>\n<\/div>\n\n\n\n<div class=\"wp-block-column is-layout-flow wp-block-column-is-layout-flow\">\n<p><\/p>\n\n\n\n<ul class=\"wp-block-list\">\n<li>Die F\u00f6rderung der Entwicklungszusammenarbeit&nbsp;und Durchf\u00fchrung der entwicklungspolitischen Informationsbildung.<\/li>\n\n\n\n<li>Entwicklung der Hilfe zur Selbsthilfe Projekte: &nbsp;Die Aktivit\u00e4ten des Vereins dienen der F\u00f6rderung der Gleichberechtigung von Frauen und M\u00e4nnern durch Initiierung und F\u00f6rderung der Mitarbeit an Frauenprojekten und Vorhaben im Bereich&nbsp; der Bildungsma\u00dfnahmen und Entwicklungszusammenarbeit, um die Frau zu bef\u00e4higen, eigenes Geld zu verdienen.<\/li>\n\n\n\n<li>Rassismuskritik und&nbsp;Schutz vor Anfeindungen:&nbsp;Beratung, Begleitung und Empowerment sowie Auseinandersetzung mit den Ursachen, Wirkungen und Folgen des Rassismus, Antisemitismus&nbsp;und ethnische Diskriminierung.&nbsp;&nbsp;&nbsp;&nbsp;<\/li>\n<\/ul>\n<\/div>\n<\/div>\n\n\n\n<p><\/p>\n","protected":false},"excerpt":{"rendered":"<p>UNSER ANGEBOT Beratung, Empowerment, Rassismuskritik und vieles mehr&#8230;<\/p>\n","protected":false},"author":1,"featured_media":0,"parent":0,"menu_order":0,"comment_status":"closed","ping_status":"closed","template":"","meta":{"_kadence_starter_templates_imported_post":false,"_kad_post_transparent":"","_kad_post_title":"","_kad_post_layout":"","_kad_post_sidebar_id":"","_kad_post_content_style":"","_kad_post_vertical_padding":"","_kad_post_feature":"","_kad_post_feature_position":"","_kad_post_header":false,"_kad_post_footer":false,"footnotes":""},"class_list":["post-1432","page","type-page","status-publish","hentry"],"_links":{"self":[{"href":"https:\/\/nemis-ms.de\/index.php\/wp-json\/wp\/v2\/pages\/1432","targetHints":{"allow":["GET"]}}],"collection":[{"href":"https:\/\/nemis-ms.de\/index.php\/wp-json\/wp\/v2\/pages"}],"about":[{"href":"https:\/\/nemis-ms.de\/index.php\/wp-json\/wp\/v2\/types\/page"}],"author":[{"embeddable":true,"href":"https:\/\/nemis-ms.de\/index.php\/wp-json\/wp\/v2\/users\/1"}],"replies":[{"embeddable":true,"href":"https:\/\/nemis-ms.de\/index.php\/wp-json\/wp\/v2\/comments?post=1432"}],"version-history":[{"count":8,"href":"https:\/\/nemis-ms.de\/index.php\/wp-json\/wp\/v2\/pages\/1432\/revisions"}],"predecessor-version":[{"id":1474,"href":"https:\/\/nemis-ms.de\/index.php\/wp-json\/wp\/v2\/pages\/1432\/revisions\/1474"}],"wp:attachment":[{"href":"https:\/\/nemis-ms.de\/index.php\/wp-json\/wp\/v2\/media?parent=1432"}],"curies":[{"name":"wp","href":"https:\/\/api.w.org\/{rel}","templated":true}]}}